{"id":33,"date":"2024-06-28T00:27:27","date_gmt":"2024-06-27T22:27:27","guid":{"rendered":"https:\/\/liliannawiech.com\/?page_id=33"},"modified":"2024-07-01T09:44:21","modified_gmt":"2024-07-01T07:44:21","slug":"informacje","status":"publish","type":"page","link":"https:\/\/liliannawiech.com\/","title":{"rendered":"Nazywam si\u0119 Lilianna Wiech, od 2022 r. jestem adwokatk\u0105 i prowadz\u0119 Kancelari\u0119 Adwokack\u0105 w malowniczym Sanoku,  na Podkarpaciu."},"content":{"rendered":"\n<p>Jestem dumna z tego, \u017ce mog\u0119 \u0142\u0105czy\u0107 moj\u0105 pasj\u0119 do prawa i konopi w praktyce zawodowej, d\u0105\u017c\u0105c do tego, aby moja praca przyczynia\u0142a si\u0119 do rozwoju i zrozumienia konopi, w tym w wymiarze prawa &#8211; karnego.<\/p>\n\n\n\n<p>Strona w trakcie budowy \ud83d\ude09<\/p>\n","protected":false},"excerpt":{"rendered":"<p>Jestem dumna z tego, \u017ce mog\u0119 \u0142\u0105czy\u0107 moj\u0105 pasj\u0119 do prawa i konopi w praktyce zawodowej, d\u0105\u017c\u0105c do tego, aby moja praca przyczynia\u0142a si\u0119 do rozwoju i zrozumienia konopi, w tym w wymiarze prawa &#8211; karnego. Strona w trakcie budowy \ud83d\ude09<\/p>\n","protected":false},"author":1,"featured_media":0,"parent":0,"menu_order":0,"comment_status":"closed","ping_status":"closed","template":"","meta":{"footnotes":""},"class_list":["post-33","page","type-page","status-publish","hentry"],"_links":{"self":[{"href":"https:\/\/liliannawiech.com\/index.php?rest_route=\/wp\/v2\/pages\/33","targetHints":{"allow":["GET"]}}],"collection":[{"href":"https:\/\/liliannawiech.com\/index.php?rest_route=\/wp\/v2\/pages"}],"about":[{"href":"https:\/\/liliannawiech.com\/index.php?rest_route=\/wp\/v2\/types\/page"}],"author":[{"embeddable":true,"href":"https:\/\/liliannawiech.com\/index.php?rest_route=\/wp\/v2\/users\/1"}],"replies":[{"embeddable":true,"href":"https:\/\/liliannawiech.com\/index.php?rest_route=%2Fwp%2Fv2%2Fcomments&post=33"}],"version-history":[{"count":5,"href":"https:\/\/liliannawiech.com\/index.php?rest_route=\/wp\/v2\/pages\/33\/revisions"}],"predecessor-version":[{"id":153,"href":"https:\/\/liliannawiech.com\/index.php?rest_route=\/wp\/v2\/pages\/33\/revisions\/153"}],"wp:attachment":[{"href":"https:\/\/liliannawiech.com\/index.php?rest_route=%2Fwp%2Fv2%2Fmedia&parent=33"}],"curies":[{"name":"wp","href":"https:\/\/api.w.org\/{rel}","templated":true}]}}